{"id":1288,"date":"2024-02-14T10:04:45","date_gmt":"2024-02-14T10:04:45","guid":{"rendered":"https:\/\/visluminis.com\/?page_id=1288"},"modified":"2026-01-15T11:34:34","modified_gmt":"2026-01-15T11:34:34","slug":"palau-d-esports-de-granollers","status":"publish","type":"page","link":"https:\/\/visluminis.com\/es\/proyectos\/palau-d-esports-de-granollers\/","title":{"rendered":"Palau d&#8217;Esports de Granollers"},"content":{"rendered":"\t\t<div data-elementor-type=\"wp-page\" data-elementor-id=\"1288\" class=\"elementor elementor-1288\" data-elementor-post-type=\"page\">\n\t\t\t\t<div class=\"elementor-element elementor-element-ebd5458 e-flex e-con-boxed e-con e-parent\" data-id=\"ebd5458\" data-element_type=\"container\" data-e-type=\"container\">\n\t\t\t\t\t<div class=\"e-con-inner\">\n\t\t<div class=\"elementor-element elementor-element-65d99a2 e-flex e-con-boxed e-con e-child\" data-id=\"65d99a2\" data-element_type=\"container\" data-e-type=\"container\" data-settings=\"{&quot;background_background&quot;:&quot;classic&quot;}\">\n\t\t\t\t\t<div class=\"e-con-inner\">\n\t\t\t\t<div class=\"elementor-element elementor-element-1ee5053 elementor-widget elementor-widget-heading\" data-id=\"1ee5053\" data-element_type=\"widget\" data-e-type=\"widget\" data-widget_type=\"heading.default\">\n\t\t\t\t<div class=\"elementor-widget-container\">\n\t\t\t\t\t<h2 class=\"elementor-heading-title elementor-size-default\">Granollers 25th IHF Women's Handball World Championship<\/h2>\t\t\t\t<\/div>\n\t\t\t\t<\/div>\n\t\t\t\t<div class=\"elementor-element elementor-element-cf37836 elementor-widget elementor-widget-spacer\" data-id=\"cf37836\" data-element_type=\"widget\" data-e-type=\"widget\" data-widget_type=\"spacer.default\">\n\t\t\t\t<div class=\"elementor-widget-container\">\n\t\t\t\t\t\t\t<div class=\"elementor-spacer\">\n\t\t\t<div class=\"elementor-spacer-inner\"><\/div>\n\t\t<\/div>\n\t\t\t\t\t\t<\/div>\n\t\t\t\t<\/div>\n\t\t\t\t<div class=\"elementor-element elementor-element-d5d7b98 elementor-widget elementor-widget-text-editor\" data-id=\"d5d7b98\" data-element_type=\"widget\" data-e-type=\"widget\" data-widget_type=\"text-editor.default\">\n\t\t\t\t<div class=\"elementor-widget-container\">\n\t\t\t\t\t\t\t\t\t<p><a href=\"\/\">Home<\/a> &#8211; <a href=\"\/proyectos\/\">Proyectos<\/a> &#8211; Granollers 25th IHF Women&#8217;s Handball World Championship<\/p>\t\t\t\t\t\t\t\t<\/div>\n\t\t\t\t<\/div>\n\t\t\t\t\t<\/div>\n\t\t\t\t<\/div>\n\t\t\t\t\t<\/div>\n\t\t\t\t<\/div>\n\t\t<div class=\"elementor-element elementor-element-8fdf99f e-flex e-con-boxed e-con e-child\" data-id=\"8fdf99f\" data-element_type=\"container\" data-e-type=\"container\">\n\t\t\t\t\t<div class=\"e-con-inner\">\n\t\t<div class=\"elementor-element elementor-element-80f0c62 e-con-full e-flex e-con e-child\" data-id=\"80f0c62\" data-element_type=\"container\" data-e-type=\"container\">\n\t\t\t\t<div class=\"elementor-element elementor-element-9338d92 elementor--h-position-center elementor--v-position-middle elementor-arrows-position-inside elementor-pagination-position-inside elementor-widget elementor-widget-slides\" data-id=\"9338d92\" data-element_type=\"widget\" data-e-type=\"widget\" data-settings=\"{&quot;navigation&quot;:&quot;both&quot;,&quot;autoplay&quot;:&quot;yes&quot;,&quot;pause_on_hover&quot;:&quot;yes&quot;,&quot;pause_on_interaction&quot;:&quot;yes&quot;,&quot;autoplay_speed&quot;:5000,&quot;infinite&quot;:&quot;yes&quot;,&quot;transition&quot;:&quot;slide&quot;,&quot;transition_speed&quot;:500}\" data-widget_type=\"slides.default\">\n\t\t\t\t<div class=\"elementor-widget-container\">\n\t\t\t\t\t\t\t\t\t<div class=\"elementor-swiper\">\n\t\t\t\t\t<div class=\"elementor-slides-wrapper elementor-main-swiper swiper\" role=\"region\" aria-roledescription=\"carousel\" aria-label=\"Diapositivas\" dir=\"ltr\" data-animation=\"fadeInUp\">\n\t\t\t\t<div class=\"swiper-wrapper elementor-slides\">\n\t\t\t\t\t\t\t\t\t\t<div class=\"elementor-repeater-item-1e57e51 swiper-slide\" role=\"group\" aria-roledescription=\"slide\"><div class=\"swiper-slide-bg\" role=\"img\" aria-label=\"Final3\"><\/div><div class=\"swiper-slide-inner\" ><div class=\"swiper-slide-contents\"><\/div><\/div><\/div><div class=\"elementor-repeater-item-0167e34 swiper-slide\" role=\"group\" aria-roledescription=\"slide\"><div class=\"swiper-slide-bg\" role=\"img\" aria-label=\"FHDU9YRX0AgryrF\"><\/div><div class=\"swiper-slide-inner\" ><div class=\"swiper-slide-contents\"><\/div><\/div><\/div><div class=\"elementor-repeater-item-831a32a swiper-slide\" role=\"group\" aria-roledescription=\"slide\"><div class=\"swiper-slide-bg\" role=\"img\" aria-label=\"FG_H_oTWUAITqZ5\"><\/div><div class=\"swiper-slide-inner\" ><div class=\"swiper-slide-contents\"><\/div><\/div><\/div><div class=\"elementor-repeater-item-681a244 swiper-slide\" role=\"group\" aria-roledescription=\"slide\"><div class=\"swiper-slide-bg\" role=\"img\" aria-label=\"semi\"><\/div><div class=\"swiper-slide-inner\" ><div class=\"swiper-slide-contents\"><\/div><\/div><\/div>\t\t\t\t<\/div>\n\t\t\t\t\t\t\t\t\t\t\t\t\t\t\t<div class=\"elementor-swiper-button elementor-swiper-button-prev\" role=\"button\" tabindex=\"0\" aria-label=\"Diapositiva anterior\">\n\t\t\t\t\t\t\t<svg aria-hidden=\"true\" class=\"e-font-icon-svg e-eicon-chevron-left\" viewBox=\"0 0 1000 1000\" xmlns=\"http:\/\/www.w3.org\/2000\/svg\"><path d=\"M646 125C629 125 613 133 604 142L308 442C296 454 292 471 292 487 292 504 296 521 308 533L604 854C617 867 629 875 646 875 663 875 679 871 692 858 704 846 713 829 713 812 713 796 708 779 692 767L438 487 692 225C700 217 708 204 708 187 708 171 704 154 692 142 675 129 663 125 646 125Z\"><\/path><\/svg>\t\t\t\t\t\t<\/div>\n\t\t\t\t\t\t<div class=\"elementor-swiper-button elementor-swiper-button-next\" role=\"button\" tabindex=\"0\" aria-label=\"Diapositiva siguiente\">\n\t\t\t\t\t\t\t<svg aria-hidden=\"true\" class=\"e-font-icon-svg e-eicon-chevron-right\" viewBox=\"0 0 1000 1000\" xmlns=\"http:\/\/www.w3.org\/2000\/svg\"><path d=\"M696 533C708 521 713 504 713 487 713 471 708 454 696 446L400 146C388 133 375 125 354 125 338 125 325 129 313 142 300 154 292 171 292 187 292 204 296 221 308 233L563 492 304 771C292 783 288 800 288 817 288 833 296 850 308 863 321 871 338 875 354 875 371 875 388 867 400 854L696 533Z\"><\/path><\/svg>\t\t\t\t\t\t<\/div>\n\t\t\t\t\t\t\t\t\t\t\t\t\t\t\t\t<div class=\"swiper-pagination\"><\/div>\n\t\t\t\t\t\t\t\t\t\t\t\t<\/div>\n\t\t\t\t<\/div>\n\t\t\t\t\t\t\t\t<\/div>\n\t\t\t\t<\/div>\n\t\t\t\t<div class=\"elementor-element elementor-element-1c5ffa2 elementor-widget elementor-widget-heading\" data-id=\"1c5ffa2\" data-element_type=\"widget\" data-e-type=\"widget\" data-widget_type=\"heading.default\">\n\t\t\t\t<div class=\"elementor-widget-container\">\n\t\t\t\t\t<h4 class=\"elementor-heading-title elementor-size-default\">Palau d'Esports de Granollers<\/h4>\t\t\t\t<\/div>\n\t\t\t\t<\/div>\n\t\t\t\t<div class=\"elementor-element elementor-element-8c9b842 elementor-widget elementor-widget-text-editor\" data-id=\"8c9b842\" data-element_type=\"widget\" data-e-type=\"widget\" data-widget_type=\"text-editor.default\">\n\t\t\t\t<div class=\"elementor-widget-container\">\n\t\t\t\t\t\t\t\t\t<p>En el Palau d&#8217;Esports de Granollers se disput\u00f3 la final del Campeonato del mundo de balonmano femenino 2021.<\/p>\n<p>El proyecto de iluminaci\u00f3n, hecho con 22 proyectores WS de 1550 W de AAA-LUX, tuvo unos resultados finales excelentes de 2100 lux Eh y 1800 Lux Ev CRI 80. Adem\u00e1s, a\u00f1adimos la instalaci\u00f3n del sistema <i>Show Time<\/i> para crear efectos de iluminaci\u00f3n especiales durante las competiciones.<br><br>El equipo de Vis Luminis dise\u00f1amos el estudio lum\u00ednico id\u00f3neo para tu instalaci\u00f3n deportiva. Tambi\u00e9n ofrecemos asistencia t\u00e9cnica&nbsp;<i>in situ<\/i>&nbsp;para las puestas en marcha y nos encargamos de las mediciones finales. Nuestro servicio postventa te garantiza un contacto directo y personal con nuestros t\u00e9cnicos en caso de reparaciones o para cualquier duda despu\u00e9s de la instalaci\u00f3n de las luminarias.<\/p>\t\t\t\t\t\t\t\t<\/div>\n\t\t\t\t<\/div>\n\t\t<div class=\"elementor-element elementor-element-813f545 e-con-full e-flex e-con e-child\" data-id=\"813f545\" data-element_type=\"container\" data-e-type=\"container\">\n\t\t\t\t<div class=\"elementor-element elementor-element-fcb56a5 elementor-widget elementor-widget-rkit-cta\" data-id=\"fcb56a5\" data-element_type=\"widget\" data-e-type=\"widget\" data-widget_type=\"rkit-cta.default\">\n\t\t\t\t<div class=\"elementor-widget-container\">\n\t\t\t\t\t        <div class=\"rkit-cta rkit-cta-container-classic\">\r\n            <div class=\"rkit-cta-img__wrapper\">\r\n                <div class=\"rkit-cta-img__image zoom-in\" style=\"background-image:url('https:\/\/visluminis.com\/wp-content\/uploads\/2024\/02\/Meiland-2-1024x768.jpg')\">\r\n                <\/div>\r\n                <div class=\"rkit-cta-img__overlay\">\r\n                <\/div>\r\n            <\/div>\r\n            <div class=\"rkit-cta-content__wrapper\">\r\n                                <div class=\"rkit-cta-text\">\r\n                    <h6 class=\"rkit-cta-title\">\u00bfTe animas a llevar la iluminaci\u00f3n de tu campo deportivo al siguiente nivel?<\/h6>\r\n                    <div class=\"rkit-cta-description\"><\/div>\r\n                <\/div>\r\n                <div>\r\n                    <a class=\"rkit-cta-button\" type=\"button\" href=\"mailto:josep@visluminis.com\" target=\"_blank\" rel=\"nofollow\">Contacta con nosotros<\/a>\r\n                <\/div>\r\n            <\/div>\r\n            <div class=\"rkit-cta-ribbon \">\r\n                <div class=\"rkit-cta-ribbon__inner\">\r\n                                    <\/div>\r\n            <\/div>\r\n        <\/div>\r\n\t\t\t\t<\/div>\n\t\t\t\t<\/div>\n\t\t\t\t<\/div>\n\t\t\t\t<\/div>\n\t\t\t\t\t<\/div>\n\t\t\t\t<\/div>\n\t\t\t\t<\/div>\n\t\t","protected":false},"excerpt":{"rendered":"<p>Granollers 25th IHF Women&#8217;s Handball World Championship Home &#8211; Proyectos &#8211; Granollers 25th IHF Women&#8217;s Handball World Championship Diapositiva anterior Diapositiva siguiente Palau d&#8217;Esports de Granollers En el Palau d&#8217;Esports de Granollers se disput\u00f3 la final del Campeonato del mundo de balonmano femenino 2021. El proyecto de iluminaci\u00f3n, hecho con 22 proyectores WS de 1550 [&hellip;]<\/p>\n","protected":false},"author":1,"featured_media":0,"parent":83,"menu_order":0,"comment_status":"closed","ping_status":"closed","template":"","meta":{"footnotes":""},"class_list":["post-1288","page","type-page","status-publish","hentry"],"aioseo_notices":[],"_links":{"self":[{"href":"https:\/\/visluminis.com\/es\/wp-json\/wp\/v2\/pages\/1288","targetHints":{"allow":["GET"]}}],"collection":[{"href":"https:\/\/visluminis.com\/es\/wp-json\/wp\/v2\/pages"}],"about":[{"href":"https:\/\/visluminis.com\/es\/wp-json\/wp\/v2\/types\/page"}],"author":[{"embeddable":true,"href":"https:\/\/visluminis.com\/es\/wp-json\/wp\/v2\/users\/1"}],"replies":[{"embeddable":true,"href":"https:\/\/visluminis.com\/es\/wp-json\/wp\/v2\/comments?post=1288"}],"version-history":[{"count":40,"href":"https:\/\/visluminis.com\/es\/wp-json\/wp\/v2\/pages\/1288\/revisions"}],"predecessor-version":[{"id":4523,"href":"https:\/\/visluminis.com\/es\/wp-json\/wp\/v2\/pages\/1288\/revisions\/4523"}],"up":[{"embeddable":true,"href":"https:\/\/visluminis.com\/es\/wp-json\/wp\/v2\/pages\/83"}],"wp:attachment":[{"href":"https:\/\/visluminis.com\/es\/wp-json\/wp\/v2\/media?parent=1288"}],"curies":[{"name":"wp","href":"https:\/\/api.w.org\/{rel}","templated":true}]}}