{"id":1327,"date":"2024-02-14T10:30:21","date_gmt":"2024-02-14T10:30:21","guid":{"rendered":"https:\/\/visluminis.com\/?page_id=1327"},"modified":"2026-02-12T09:33:10","modified_gmt":"2026-02-12T09:33:10","slug":"estadio-11-novembro-luanda-angola","status":"publish","type":"page","link":"https:\/\/visluminis.com\/es\/proyectos\/estadio-11-novembro-luanda-angola\/","title":{"rendered":"Est\u00e1dio 11 Novembro, Luanda (Angola)"},"content":{"rendered":"\t\t<div data-elementor-type=\"wp-page\" data-elementor-id=\"1327\" class=\"elementor elementor-1327\" data-elementor-post-type=\"page\">\n\t\t\t\t<div class=\"elementor-element elementor-element-ebd5458 e-flex e-con-boxed e-con e-parent\" data-id=\"ebd5458\" data-element_type=\"container\">\n\t\t\t\t\t<div class=\"e-con-inner\">\n\t\t<div class=\"elementor-element elementor-element-65d99a2 e-flex e-con-boxed e-con e-child\" data-id=\"65d99a2\" data-element_type=\"container\" data-settings=\"{&quot;background_background&quot;:&quot;classic&quot;}\">\n\t\t\t\t\t<div class=\"e-con-inner\">\n\t\t\t\t<div class=\"elementor-element elementor-element-1ee5053 elementor-widget elementor-widget-heading\" data-id=\"1ee5053\" data-element_type=\"widget\" data-widget_type=\"heading.default\">\n\t\t\t\t<div class=\"elementor-widget-container\">\n\t\t\t<style>\/*! elementor - v3.23.0 - 05-08-2024 *\/\n.elementor-heading-title{padding:0;margin:0;line-height:1}.elementor-widget-heading .elementor-heading-title[class*=elementor-size-]>a{color:inherit;font-size:inherit;line-height:inherit}.elementor-widget-heading .elementor-heading-title.elementor-size-small{font-size:15px}.elementor-widget-heading .elementor-heading-title.elementor-size-medium{font-size:19px}.elementor-widget-heading .elementor-heading-title.elementor-size-large{font-size:29px}.elementor-widget-heading .elementor-heading-title.elementor-size-xl{font-size:39px}.elementor-widget-heading .elementor-heading-title.elementor-size-xxl{font-size:59px}<\/style><h2 class=\"elementor-heading-title elementor-size-default\">Est\u00e1dio 11 Novembro, Luanda (Angola)<\/h2>\t\t<\/div>\n\t\t\t\t<\/div>\n\t\t\t\t<div class=\"elementor-element elementor-element-cf37836 elementor-widget elementor-widget-spacer\" data-id=\"cf37836\" data-element_type=\"widget\" data-widget_type=\"spacer.default\">\n\t\t\t\t<div class=\"elementor-widget-container\">\n\t\t\t<style>\/*! elementor - v3.23.0 - 05-08-2024 *\/\n.elementor-column .elementor-spacer-inner{height:var(--spacer-size)}.e-con{--container-widget-width:100%}.e-con-inner>.elementor-widget-spacer,.e-con>.elementor-widget-spacer{width:var(--container-widget-width,var(--spacer-size));--align-self:var(--container-widget-align-self,initial);--flex-shrink:0}.e-con-inner>.elementor-widget-spacer>.elementor-widget-container,.e-con>.elementor-widget-spacer>.elementor-widget-container{height:100%;width:100%}.e-con-inner>.elementor-widget-spacer>.elementor-widget-container>.elementor-spacer,.e-con>.elementor-widget-spacer>.elementor-widget-container>.elementor-spacer{height:100%}.e-con-inner>.elementor-widget-spacer>.elementor-widget-container>.elementor-spacer>.elementor-spacer-inner,.e-con>.elementor-widget-spacer>.elementor-widget-container>.elementor-spacer>.elementor-spacer-inner{height:var(--container-widget-height,var(--spacer-size))}.e-con-inner>.elementor-widget-spacer.elementor-widget-empty,.e-con>.elementor-widget-spacer.elementor-widget-empty{position:relative;min-height:22px;min-width:22px}.e-con-inner>.elementor-widget-spacer.elementor-widget-empty .elementor-widget-empty-icon,.e-con>.elementor-widget-spacer.elementor-widget-empty .elementor-widget-empty-icon{position:absolute;top:0;bottom:0;left:0;right:0;margin:auto;padding:0;width:22px;height:22px}<\/style>\t\t<div class=\"elementor-spacer\">\n\t\t\t<div class=\"elementor-spacer-inner\"><\/div>\n\t\t<\/div>\n\t\t\t\t<\/div>\n\t\t\t\t<\/div>\n\t\t\t\t<div class=\"elementor-element elementor-element-d5d7b98 elementor-widget elementor-widget-text-editor\" data-id=\"d5d7b98\" data-element_type=\"widget\" data-widget_type=\"text-editor.default\">\n\t\t\t\t<div class=\"elementor-widget-container\">\n\t\t\t<style>\/*! elementor - v3.23.0 - 05-08-2024 *\/\n.elementor-widget-text-editor.elementor-drop-cap-view-stacked .elementor-drop-cap{background-color:#69727d;color:#fff}.elementor-widget-text-editor.elementor-drop-cap-view-framed .elementor-drop-cap{color:#69727d;border:3px solid;background-color:transparent}.elementor-widget-text-editor:not(.elementor-drop-cap-view-default) .elementor-drop-cap{margin-top:8px}.elementor-widget-text-editor:not(.elementor-drop-cap-view-default) .elementor-drop-cap-letter{width:1em;height:1em}.elementor-widget-text-editor .elementor-drop-cap{float:left;text-align:center;line-height:1;font-size:50px}.elementor-widget-text-editor .elementor-drop-cap-letter{display:inline-block}<\/style>\t\t\t\t<p><a href=\"\/\">Home<\/a> &#8211; <a href=\"\/proyectos\/\">Proyectos<\/a> &#8211; Est\u00e1dio 11 Novembro, Luanda (Angola)<\/p>\t\t\t\t\t\t<\/div>\n\t\t\t\t<\/div>\n\t\t\t\t\t<\/div>\n\t\t\t\t<\/div>\n\t\t\t\t\t<\/div>\n\t\t\t\t<\/div>\n\t\t<div class=\"elementor-element elementor-element-8fdf99f e-flex e-con-boxed e-con e-child\" data-id=\"8fdf99f\" data-element_type=\"container\">\n\t\t\t\t\t<div class=\"e-con-inner\">\n\t\t<div class=\"elementor-element elementor-element-80f0c62 e-con-full e-flex e-con e-child\" data-id=\"80f0c62\" data-element_type=\"container\">\n\t\t\t\t<div class=\"elementor-element elementor-element-2fbbdda elementor-widget elementor-widget-video\" data-id=\"2fbbdda\" data-element_type=\"widget\" data-settings=\"{&quot;youtube_url&quot;:&quot;https:\\\/\\\/www.youtube.com\\\/watch?v=9MxWQDDFdGs&quot;,&quot;video_type&quot;:&quot;youtube&quot;,&quot;controls&quot;:&quot;yes&quot;}\" data-widget_type=\"video.default\">\n\t\t\t\t<div class=\"elementor-widget-container\">\n\t\t\t<style>\/*! elementor - v3.23.0 - 05-08-2024 *\/\n.elementor-widget-video .elementor-widget-container{overflow:hidden;transform:translateZ(0)}.elementor-widget-video .elementor-wrapper{aspect-ratio:var(--video-aspect-ratio)}.elementor-widget-video .elementor-wrapper iframe,.elementor-widget-video .elementor-wrapper video{height:100%;width:100%;display:flex;border:none;background-color:#000}@supports not (aspect-ratio:1\/1){.elementor-widget-video .elementor-wrapper{position:relative;overflow:hidden;height:0;padding-bottom:calc(100% \/ var(--video-aspect-ratio))}.elementor-widget-video .elementor-wrapper iframe,.elementor-widget-video .elementor-wrapper video{position:absolute;top:0;right:0;bottom:0;left:0}}.elementor-widget-video .elementor-open-inline .elementor-custom-embed-image-overlay{position:absolute;top:0;right:0;bottom:0;left:0;background-size:cover;background-position:50%}.elementor-widget-video .elementor-custom-embed-image-overlay{cursor:pointer;text-align:center}.elementor-widget-video .elementor-custom-embed-image-overlay:hover .elementor-custom-embed-play i{opacity:1}.elementor-widget-video .elementor-custom-embed-image-overlay img{display:block;width:100%;aspect-ratio:var(--video-aspect-ratio);-o-object-fit:cover;object-fit:cover;-o-object-position:center center;object-position:center center}@supports not (aspect-ratio:1\/1){.elementor-widget-video .elementor-custom-embed-image-overlay{position:relative;overflow:hidden;height:0;padding-bottom:calc(100% \/ var(--video-aspect-ratio))}.elementor-widget-video .elementor-custom-embed-image-overlay img{position:absolute;top:0;right:0;bottom:0;left:0}}.elementor-widget-video .e-hosted-video .elementor-video{-o-object-fit:cover;object-fit:cover}.e-con-inner>.elementor-widget-video,.e-con>.elementor-widget-video{width:var(--container-widget-width);--flex-grow:var(--container-widget-flex-grow)}<\/style>\t\t<div class=\"elementor-wrapper elementor-open-inline\">\n\t\t\t<div class=\"elementor-video\"><\/div>\t\t<\/div>\n\t\t\t\t<\/div>\n\t\t\t\t<\/div>\n\t\t\t\t<div class=\"elementor-element elementor-element-1c5ffa2 elementor-widget elementor-widget-heading\" data-id=\"1c5ffa2\" data-element_type=\"widget\" data-widget_type=\"heading.default\">\n\t\t\t\t<div class=\"elementor-widget-container\">\n\t\t\t<h4 class=\"elementor-heading-title elementor-size-default\">Iluminaci\u00f3n LED de alta calidad para estadios<\/h4>\t\t<\/div>\n\t\t\t\t<\/div>\n\t\t\t\t<div class=\"elementor-element elementor-element-8c9b842 elementor-widget elementor-widget-text-editor\" data-id=\"8c9b842\" data-element_type=\"widget\" data-widget_type=\"text-editor.default\">\n\t\t\t\t<div class=\"elementor-widget-container\">\n\t\t\t\t\t\t\t<p>El estadio nacional de Angola requer\u00eda unos niveles de iluminaci\u00f3n muy altos, ya que all\u00ed se disputan competiciones de primer nivel retransmitidas por TV.<\/p>\n<p>Con solo 120 luminarias llegamos a unos niveles de iluminaci\u00f3n de 1400 lux en horizontal y una uniformidad media de m\u00e1s de 0.7,&nbsp;y 1000 lux en vertical con una uniformidad de m\u00e1s de 0.5. Adem\u00e1s, cuenta con el espect\u00e1culo de luces con sistema RF de la marca AAA-LUX.<\/p>\n<p>En Vis Luminis dise\u00f1amos el estudio lum\u00ednico id\u00f3neo para conseguir los resultados de iluminaci\u00f3n \u00f3ptimos para tu instalaci\u00f3n deportiva, ofrecemos asistencia t\u00e9cnica <em>in situ<\/em> para las puestas en marcha y nos encargamos de las mediciones finales. Tambi\u00e9n ofrecemos un servicio postventa personal y directo con nuestros t\u00e9cnicos para resolver cualquier duda despu\u00e9s de la instalaci\u00f3n.<\/p>\t\t\t\t\t\t<\/div>\n\t\t\t\t<\/div>\n\t\t<div class=\"elementor-element elementor-element-5a373dd e-flex e-con-boxed e-con e-child\" data-id=\"5a373dd\" data-element_type=\"container\">\n\t\t\t\t\t<div class=\"e-con-inner\">\n\t\t\t\t<div class=\"elementor-element elementor-element-2d89bf9 elementor-widget elementor-widget-rkit-cta\" data-id=\"2d89bf9\" data-element_type=\"widget\" data-widget_type=\"rkit-cta.default\">\n\t\t\t\t<div class=\"elementor-widget-container\">\n\t\t\t        <div class=\"rkit-cta rkit-cta-container-classic\">\r\n            <div class=\"rkit-cta-img__wrapper\">\r\n                <div class=\"rkit-cta-img__image zoom-out\" style=\"background-image:url('https:\/\/visluminis.com\/wp-content\/uploads\/2024\/03\/Angola-Aerea.jpg')\">\r\n                <\/div>\r\n                <div class=\"rkit-cta-img__overlay\">\r\n                <\/div>\r\n            <\/div>\r\n            <div class=\"rkit-cta-content__wrapper\">\r\n                                <div class=\"rkit-cta-text\">\r\n                    <h6 class=\"rkit-cta-title\">\u00bfTe animas a llevar la iluminaci\u00f3n de tu campo deportivo al siguiente nivel?<\/h6>\r\n                    <div class=\"rkit-cta-description\"><\/div>\r\n                <\/div>\r\n                <div>\r\n                    <a class=\"rkit-cta-button\" type=\"button\" href=\"mailto:josep@visluminis.com\" target=\"_blank\" rel=\"nofollow\">Contacta con nosotros<\/a>\r\n                <\/div>\r\n            <\/div>\r\n            <div class=\"rkit-cta-ribbon \">\r\n                <div class=\"rkit-cta-ribbon__inner\">\r\n                                    <\/div>\r\n            <\/div>\r\n        <\/div>\r\n\t\t<\/div>\n\t\t\t\t<\/div>\n\t\t\t\t\t<\/div>\n\t\t\t\t<\/div>\n\t\t\t\t<\/div>\n\t\t\t\t\t<\/div>\n\t\t\t\t<\/div>\n\t\t\t\t<\/div>\n\t\t","protected":false},"excerpt":{"rendered":"<p>Est\u00e1dio 11 Novembro, Luanda (Angola) Home &#8211; Proyectos &#8211; Est\u00e1dio 11 Novembro, Luanda (Angola) https:\/\/www.youtube.com\/watch?v=9MxWQDDFdGs Iluminaci\u00f3n LED de alta calidad para estadios El estadio nacional de Angola requer\u00eda unos niveles de iluminaci\u00f3n muy altos, ya que all\u00ed se disputan competiciones de primer nivel retransmitidas por TV. Con solo 120 luminarias llegamos a unos niveles de [&hellip;]<\/p>\n","protected":false},"author":1,"featured_media":0,"parent":83,"menu_order":0,"comment_status":"closed","ping_status":"closed","template":"","meta":{"footnotes":""},"class_list":["post-1327","page","type-page","status-publish","hentry"],"aioseo_notices":[],"_links":{"self":[{"href":"https:\/\/visluminis.com\/es\/wp-json\/wp\/v2\/pages\/1327","targetHints":{"allow":["GET"]}}],"collection":[{"href":"https:\/\/visluminis.com\/es\/wp-json\/wp\/v2\/pages"}],"about":[{"href":"https:\/\/visluminis.com\/es\/wp-json\/wp\/v2\/types\/page"}],"author":[{"embeddable":true,"href":"https:\/\/visluminis.com\/es\/wp-json\/wp\/v2\/users\/1"}],"replies":[{"embeddable":true,"href":"https:\/\/visluminis.com\/es\/wp-json\/wp\/v2\/comments?post=1327"}],"version-history":[{"count":61,"href":"https:\/\/visluminis.com\/es\/wp-json\/wp\/v2\/pages\/1327\/revisions"}],"predecessor-version":[{"id":4550,"href":"https:\/\/visluminis.com\/es\/wp-json\/wp\/v2\/pages\/1327\/revisions\/4550"}],"up":[{"embeddable":true,"href":"https:\/\/visluminis.com\/es\/wp-json\/wp\/v2\/pages\/83"}],"wp:attachment":[{"href":"https:\/\/visluminis.com\/es\/wp-json\/wp\/v2\/media?parent=1327"}],"curies":[{"name":"wp","href":"https:\/\/api.w.org\/{rel}","templated":true}]}}