{"id":919,"date":"2024-02-01T14:05:21","date_gmt":"2024-02-01T14:05:21","guid":{"rendered":"https:\/\/visluminis.com\/?page_id=919"},"modified":"2026-01-15T11:34:45","modified_gmt":"2026-01-15T11:34:45","slug":"pista-de-atletismo-el-vendrell-tarragona","status":"publish","type":"page","link":"https:\/\/visluminis.com\/es\/proyectos\/pista-de-atletismo-el-vendrell-tarragona\/","title":{"rendered":"Pista de atletismo, El Vendrell (Tarragona)"},"content":{"rendered":"\t\t<div data-elementor-type=\"wp-page\" data-elementor-id=\"919\" class=\"elementor elementor-919\" data-elementor-post-type=\"page\">\n\t\t\t\t<div class=\"elementor-element elementor-element-ebd5458 e-flex e-con-boxed e-con e-parent\" data-id=\"ebd5458\" data-element_type=\"container\" data-e-type=\"container\">\n\t\t\t\t\t<div class=\"e-con-inner\">\n\t\t<div class=\"elementor-element elementor-element-65d99a2 e-flex e-con-boxed e-con e-child\" data-id=\"65d99a2\" data-element_type=\"container\" data-e-type=\"container\" data-settings=\"{&quot;background_background&quot;:&quot;classic&quot;}\">\n\t\t\t\t\t<div class=\"e-con-inner\">\n\t\t\t\t<div class=\"elementor-element elementor-element-1ee5053 elementor-widget elementor-widget-heading\" data-id=\"1ee5053\" data-element_type=\"widget\" data-e-type=\"widget\" data-widget_type=\"heading.default\">\n\t\t\t\t<div class=\"elementor-widget-container\">\n\t\t\t\t\t<h2 class=\"elementor-heading-title elementor-size-default\">Pista de atletismo,\nEl Vendrell (Tarragona)<\/h2>\t\t\t\t<\/div>\n\t\t\t\t<\/div>\n\t\t\t\t<div class=\"elementor-element elementor-element-cf37836 elementor-widget elementor-widget-spacer\" data-id=\"cf37836\" data-element_type=\"widget\" data-e-type=\"widget\" data-widget_type=\"spacer.default\">\n\t\t\t\t<div class=\"elementor-widget-container\">\n\t\t\t\t\t\t\t<div class=\"elementor-spacer\">\n\t\t\t<div class=\"elementor-spacer-inner\"><\/div>\n\t\t<\/div>\n\t\t\t\t\t\t<\/div>\n\t\t\t\t<\/div>\n\t\t\t\t<div class=\"elementor-element elementor-element-d5d7b98 elementor-widget elementor-widget-text-editor\" data-id=\"d5d7b98\" data-element_type=\"widget\" data-e-type=\"widget\" data-widget_type=\"text-editor.default\">\n\t\t\t\t<div class=\"elementor-widget-container\">\n\t\t\t\t\t\t\t\t\t<p><a href=\"\/\">Home<\/a> &#8211; <a href=\"\/proyectos\/\">Proyectos<\/a> &#8211; Pista de atletismo, El Vendrell (Tarragona)<\/p>\t\t\t\t\t\t\t\t<\/div>\n\t\t\t\t<\/div>\n\t\t\t\t\t<\/div>\n\t\t\t\t<\/div>\n\t\t\t\t\t<\/div>\n\t\t\t\t<\/div>\n\t\t<div class=\"elementor-element elementor-element-6402047 e-flex e-con-boxed e-con e-parent\" data-id=\"6402047\" data-element_type=\"container\" data-e-type=\"container\">\n\t\t\t\t\t<div class=\"e-con-inner\">\n\t\t\t\t<div class=\"elementor-element elementor-element-250b3de elementor-widget elementor-widget-video\" data-id=\"250b3de\" data-element_type=\"widget\" data-e-type=\"widget\" data-settings=\"{&quot;youtube_url&quot;:&quot;https:\\\/\\\/www.youtube.com\\\/embed\\\/iI9hT6TFNfI?controls=0&amp;rel=0&amp;playsinline=0&amp;modestbranding=0&amp;autoplay=0&amp;enablejsapi=1&amp;origin=https%3A%2F%2Fvisluminis.com&quot;,&quot;video_type&quot;:&quot;youtube&quot;,&quot;controls&quot;:&quot;yes&quot;}\" data-widget_type=\"video.default\">\n\t\t\t\t<div class=\"elementor-widget-container\">\n\t\t\t\t\t\t\t<div class=\"elementor-wrapper elementor-open-inline\">\n\t\t\t<div class=\"elementor-video\"><\/div>\t\t<\/div>\n\t\t\t\t\t\t<\/div>\n\t\t\t\t<\/div>\n\t\t\t\t\t<\/div>\n\t\t\t\t<\/div>\n\t\t<div class=\"elementor-element elementor-element-8fdf99f e-flex e-con-boxed e-con e-child\" data-id=\"8fdf99f\" data-element_type=\"container\" data-e-type=\"container\">\n\t\t\t\t\t<div class=\"e-con-inner\">\n\t\t<div class=\"elementor-element elementor-element-80f0c62 e-con-full e-flex e-con e-child\" data-id=\"80f0c62\" data-element_type=\"container\" data-e-type=\"container\">\n\t\t\t\t<div class=\"elementor-element elementor-element-1c5ffa2 elementor-widget elementor-widget-heading\" data-id=\"1c5ffa2\" data-element_type=\"widget\" data-e-type=\"widget\" data-widget_type=\"heading.default\">\n\t\t\t\t<div class=\"elementor-widget-container\">\n\t\t\t\t\t<h4 class=\"elementor-heading-title elementor-size-default\">Pista de atletismo en El Vendrell, Tarragona<\/h4>\t\t\t\t<\/div>\n\t\t\t\t<\/div>\n\t\t\t\t<div class=\"elementor-element elementor-element-8c9b842 elementor-widget elementor-widget-text-editor\" data-id=\"8c9b842\" data-element_type=\"widget\" data-e-type=\"widget\" data-widget_type=\"text-editor.default\">\n\t\t\t\t<div class=\"elementor-widget-container\">\n\t\t\t\t\t\t\t\t\t<p>Un proyecto muy complejo, y del que estamos muy orgullosos con los resultados. En esta pista de atletismo carec\u00edamos de espacio en el exterior y tuvimos que iluminarla desde el interior. Conseguimos un nivel de iluminaci\u00f3n excelente de 308 lux y 0.75 de uniformidad, con tan solo 28 proyectores de 1550 W AAA-LUX. Todo un reto.<\/p><p>El equipo de Vis Luminis dise\u00f1amos el estudio lum\u00ednico id\u00f3neo para tu instalaci\u00f3n deportiva. Tambi\u00e9n ofrecemos asistencia t\u00e9cnica <i>in situ<\/i> para las puestas en marcha y nos encargamos de las mediciones finales. Nuestro servicio postventa te garantiza un contacto directo y personal con nuestros t\u00e9cnicos en caso de reparaciones o para cualquier duda despu\u00e9s de la instalaci\u00f3n de las luminarias.<\/p>\t\t\t\t\t\t\t\t<\/div>\n\t\t\t\t<\/div>\n\t\t<div class=\"elementor-element elementor-element-595e88f e-con-full e-flex e-con e-child\" data-id=\"595e88f\" data-element_type=\"container\" data-e-type=\"container\">\n\t\t\t\t<div class=\"elementor-element elementor-element-d3974f6 elementor-widget elementor-widget-rkit-cta\" data-id=\"d3974f6\" data-element_type=\"widget\" data-e-type=\"widget\" data-widget_type=\"rkit-cta.default\">\n\t\t\t\t<div class=\"elementor-widget-container\">\n\t\t\t\t\t        <div class=\"rkit-cta rkit-cta-container-classic\">\r\n            <div class=\"rkit-cta-img__wrapper\">\r\n                <div class=\"rkit-cta-img__image zoom-in\" style=\"background-image:url('https:\/\/visluminis.com\/wp-content\/uploads\/2024\/06\/012_2024_04_CIUDAD_DEPORTIVA_MALLORCA-2048x1534.jpg')\">\r\n                <\/div>\r\n                <div class=\"rkit-cta-img__overlay\">\r\n                <\/div>\r\n            <\/div>\r\n            <div class=\"rkit-cta-content__wrapper\">\r\n                                <div class=\"rkit-cta-text\">\r\n                    <h6 class=\"rkit-cta-title\">\u00bfTe animas a llevar la iluminaci\u00f3n de tu campo deportivo al siguiente nivel?<\/h6>\r\n                    <div class=\"rkit-cta-description\"><\/div>\r\n                <\/div>\r\n                <div>\r\n                    <a class=\"rkit-cta-button\" type=\"button\" href=\"mailto:josep@visluminis.com\" target=\"_blank\" rel=\"nofollow\">Contacta con nosotros<\/a>\r\n                <\/div>\r\n            <\/div>\r\n            <div class=\"rkit-cta-ribbon \">\r\n                <div class=\"rkit-cta-ribbon__inner\">\r\n                                    <\/div>\r\n            <\/div>\r\n        <\/div>\r\n\t\t\t\t<\/div>\n\t\t\t\t<\/div>\n\t\t\t\t<\/div>\n\t\t\t\t<\/div>\n\t\t\t\t\t<\/div>\n\t\t\t\t<\/div>\n\t\t\t\t<\/div>\n\t\t","protected":false},"excerpt":{"rendered":"<p>Pista de atletismo, El Vendrell (Tarragona) Home &#8211; Proyectos &#8211; Pista de atletismo, El Vendrell (Tarragona) https:\/\/www.youtube.com\/embed\/iI9hT6TFNfI?controls=0&#038;rel=0&#038;playsinline=0&#038;modestbranding=0&#038;autoplay=0&#038;enablejsapi=1&#038;origin=https%3A%2F%2Fvisluminis.com Pista de atletismo en El Vendrell, Tarragona Un proyecto muy complejo, y del que estamos muy orgullosos con los resultados. En esta pista de atletismo carec\u00edamos de espacio en el exterior y tuvimos que iluminarla desde el interior. [&hellip;]<\/p>\n","protected":false},"author":1,"featured_media":0,"parent":83,"menu_order":0,"comment_status":"closed","ping_status":"closed","template":"","meta":{"footnotes":""},"class_list":["post-919","page","type-page","status-publish","hentry"],"aioseo_notices":[],"_links":{"self":[{"href":"https:\/\/visluminis.com\/es\/wp-json\/wp\/v2\/pages\/919","targetHints":{"allow":["GET"]}}],"collection":[{"href":"https:\/\/visluminis.com\/es\/wp-json\/wp\/v2\/pages"}],"about":[{"href":"https:\/\/visluminis.com\/es\/wp-json\/wp\/v2\/types\/page"}],"author":[{"embeddable":true,"href":"https:\/\/visluminis.com\/es\/wp-json\/wp\/v2\/users\/1"}],"replies":[{"embeddable":true,"href":"https:\/\/visluminis.com\/es\/wp-json\/wp\/v2\/comments?post=919"}],"version-history":[{"count":61,"href":"https:\/\/visluminis.com\/es\/wp-json\/wp\/v2\/pages\/919\/revisions"}],"predecessor-version":[{"id":4526,"href":"https:\/\/visluminis.com\/es\/wp-json\/wp\/v2\/pages\/919\/revisions\/4526"}],"up":[{"embeddable":true,"href":"https:\/\/visluminis.com\/es\/wp-json\/wp\/v2\/pages\/83"}],"wp:attachment":[{"href":"https:\/\/visluminis.com\/es\/wp-json\/wp\/v2\/media?parent=919"}],"curies":[{"name":"wp","href":"https:\/\/api.w.org\/{rel}","templated":true}]}}