{"id":95,"date":"2023-11-22T10:15:55","date_gmt":"2023-11-22T10:15:55","guid":{"rendered":"https:\/\/visluminis.com\/?page_id=95"},"modified":"2026-04-16T09:58:39","modified_gmt":"2026-04-16T09:58:39","slug":"contacto","status":"publish","type":"page","link":"https:\/\/visluminis.com\/es\/contacto\/","title":{"rendered":"Contacto"},"content":{"rendered":"\t\t<div data-elementor-type=\"wp-page\" data-elementor-id=\"95\" class=\"elementor elementor-95\" data-elementor-post-type=\"page\">\n\t\t\t\t<div class=\"elementor-element elementor-element-23e0548 e-flex e-con-boxed e-con e-parent\" data-id=\"23e0548\" data-element_type=\"container\" data-e-type=\"container\" data-settings=\"{&quot;background_background&quot;:&quot;classic&quot;}\">\n\t\t\t\t\t<div class=\"e-con-inner\">\n\t\t\t\t<div class=\"elementor-element elementor-element-2a6bc1d elementor-widget elementor-widget-heading\" data-id=\"2a6bc1d\" data-element_type=\"widget\" data-e-type=\"widget\" data-widget_type=\"heading.default\">\n\t\t\t\t<div class=\"elementor-widget-container\">\n\t\t\t\t\t<h2 class=\"elementor-heading-title elementor-size-default\">Contacto<\/h2>\t\t\t\t<\/div>\n\t\t\t\t<\/div>\n\t\t\t\t<div class=\"elementor-element elementor-element-adbfc98 elementor-widget elementor-widget-text-editor\" data-id=\"adbfc98\" data-element_type=\"widget\" data-e-type=\"widget\" data-widget_type=\"text-editor.default\">\n\t\t\t\t<div class=\"elementor-widget-container\">\n\t\t\t\t\t\t\t\t\t<p><a href=\"#\">Home<\/a> &#8211; Contacto<\/p>\t\t\t\t\t\t\t\t<\/div>\n\t\t\t\t<\/div>\n\t\t\t\t\t<\/div>\n\t\t\t\t<\/div>\n\t\t<div class=\"elementor-element elementor-element-46d39d36 e-con-full e-flex e-con e-parent\" data-id=\"46d39d36\" data-element_type=\"container\" data-e-type=\"container\">\n\t\t<div class=\"elementor-element elementor-element-a531233 e-con-full animated-slow e-flex elementor-invisible e-con e-child\" data-id=\"a531233\" data-element_type=\"container\" data-e-type=\"container\" data-settings=\"{&quot;background_background&quot;:&quot;classic&quot;,&quot;animation&quot;:&quot;fadeInUp&quot;}\">\n\t\t\t\t<div class=\"elementor-element elementor-element-710d7dd elementor-widget__width-initial elementor-widget elementor-widget-heading\" data-id=\"710d7dd\" data-element_type=\"widget\" data-e-type=\"widget\" data-widget_type=\"heading.default\">\n\t\t\t\t<div class=\"elementor-widget-container\">\n\t\t\t\t\t<h3 class=\"elementor-heading-title elementor-size-default\">CONTACTO<\/h3>\t\t\t\t<\/div>\n\t\t\t\t<\/div>\n\t\t\t\t<div class=\"elementor-element elementor-element-bb2a28d elementor-widget elementor-widget-spacer\" data-id=\"bb2a28d\" data-element_type=\"widget\" data-e-type=\"widget\" data-widget_type=\"spacer.default\">\n\t\t\t\t<div class=\"elementor-widget-container\">\n\t\t\t\t\t\t\t<div class=\"elementor-spacer\">\n\t\t\t<div class=\"elementor-spacer-inner\"><\/div>\n\t\t<\/div>\n\t\t\t\t\t\t<\/div>\n\t\t\t\t<\/div>\n\t\t\t\t<div class=\"elementor-element elementor-element-b10084f elementor-widget__width-initial elementor-view-default elementor-widget elementor-widget-icon\" data-id=\"b10084f\" data-element_type=\"widget\" data-e-type=\"widget\" data-widget_type=\"icon.default\">\n\t\t\t\t<div class=\"elementor-widget-container\">\n\t\t\t\t\t\t\t<div class=\"elementor-icon-wrapper\">\n\t\t\t<a class=\"elementor-icon\" href=\"tel:+34602216334\">\n\t\t\t<svg xmlns=\"http:\/\/www.w3.org\/2000\/svg\" id=\"object\" height=\"512\" viewBox=\"0 0 32 32\" width=\"512\"><path d=\"m23.45 20.93a3 3 0 0 0 -4.25 0l-1.45 1.45a26.14 26.14 0 0 1 -4.51-3.62 26.62 26.62 0 0 1 -3.62-4.51l1.45-1.45a3 3 0 0 0 0-4.25l-2.83-2.82a2.93 2.93 0 0 0 -2.11-.88 3 3 0 0 0 -2.13.88l-1.36 1.35a6.37 6.37 0 0 0 -1.64 5.25c.32 3.75 2.78 8.26 6.57 12.06s8.35 6.25 12.1 6.61a7.87 7.87 0 0 0 .84 0 6.07 6.07 0 0 0 4.41-1.64l1.35-1.36a3 3 0 0 0 .88-2.13 2.93 2.93 0 0 0 -.88-2.11zm1.41 5.66-1.36 1.35a4.57 4.57 0 0 1 -3.66 1c-3.25-.28-7.39-2.58-10.81-6s-5.72-7.53-6.03-10.78a4.53 4.53 0 0 1 1-3.66l1.41-1.36a1 1 0 0 1 .71-.29 1 1 0 0 1 .71.29l2.83 2.86a1 1 0 0 1 0 1.41l-2 2a1 1 0 0 0 -.16 1.21 27.49 27.49 0 0 0 4.33 5.58 27.49 27.49 0 0 0 5.58 4.33 1 1 0 0 0 1.21-.16l2-2a1 1 0 0 1 1.41 0l2.83 2.83a1 1 0 0 1 .29.71 1 1 0 0 1 -.29.68z\"><\/path><path d=\"m26.6 5.39a14.92 14.92 0 0 0 -10.6-4.39 1 1 0 1 0 0 2 13 13 0 0 1 13 13.11 1 1 0 0 0 1 1 1 1 0 0 0 1-1 14.91 14.91 0 0 0 -4.4-10.72z\"><\/path><path d=\"m20.91 11.11a6 6 0 0 1 1.77 4.31 1 1 0 0 0 1 1 1 1 0 0 0 1-1 8 8 0 0 0 -8-8.1 1 1 0 1 0 0 2 6 6 0 0 1 4.23 1.79z\"><\/path><\/svg>\t\t\t<\/a>\n\t\t<\/div>\n\t\t\t\t\t\t<\/div>\n\t\t\t\t<\/div>\n\t\t<div class=\"elementor-element elementor-element-64b78cf e-con-full e-flex e-con e-child\" data-id=\"64b78cf\" data-element_type=\"container\" data-e-type=\"container\">\n\t\t\t\t<div class=\"elementor-element elementor-element-17c39d8 elementor-widget elementor-widget-text-editor\" data-id=\"17c39d8\" data-element_type=\"widget\" data-e-type=\"widget\" data-widget_type=\"text-editor.default\">\n\t\t\t\t<div class=\"elementor-widget-container\">\n\t\t\t\t\t\t\t\t\t<h4 style=\"text-align: center;\"><span style=\"color: #000000;\"><strong><a style=\"color: #000000;\" href=\"tel:+34602216332\" target=\"_blank\" rel=\"noopener\">+34 602 216 332<\/a><\/strong><\/span><\/h4>\t\t\t\t\t\t\t\t<\/div>\n\t\t\t\t<\/div>\n\t\t\t\t<\/div>\n\t\t\t\t<div class=\"elementor-element elementor-element-ac6b1d0 elementor-widget__width-initial elementor-view-default elementor-widget elementor-widget-icon\" data-id=\"ac6b1d0\" data-element_type=\"widget\" data-e-type=\"widget\" data-widget_type=\"icon.default\">\n\t\t\t\t<div class=\"elementor-widget-container\">\n\t\t\t\t\t\t\t<div class=\"elementor-icon-wrapper\">\n\t\t\t<a class=\"elementor-icon\" href=\"mailto:celia@visluminis.com\" target=\"_blank\">\n\t\t\t<svg xmlns=\"http:\/\/www.w3.org\/2000\/svg\" xmlns:xlink=\"http:\/\/www.w3.org\/1999\/xlink\" id=\"Capa_1\" x=\"0px\" y=\"0px\" viewBox=\"0 0 512 512\" style=\"enable-background:new 0 0 512 512;\" xml:space=\"preserve\"><g>\t<g>\t\t<path d=\"M467,80.609H45c-24.813,0-45,20.187-45,45v260.782c0,24.813,20.187,45,45,45h422c24.813,0,45-20.187,45-45V125.609   C512,100.796,491.813,80.609,467,80.609z M461.127,110.609l-6.006,5.001L273.854,266.551c-10.346,8.614-25.364,8.614-35.708,0   L56.879,115.61l-6.006-5.001H461.127z M30,132.267L177.692,255.25L30,353.543V132.267z M467,401.391H45   c-7.248,0-13.31-5.168-14.699-12.011l171.445-114.101l17.204,14.326c10.734,8.938,23.893,13.407,37.051,13.407   c13.158,0,26.316-4.469,37.051-13.407l17.204-14.326l171.444,114.1C480.31,396.224,474.248,401.391,467,401.391z M482,353.543   l-147.692-98.292L482,132.267V353.543z\"><\/path>\t<\/g><\/g><g><\/g><g><\/g><g><\/g><g><\/g><g><\/g><g><\/g><g><\/g><g><\/g><g><\/g><g><\/g><g><\/g><g><\/g><g><\/g><g><\/g><g><\/g><\/svg>\t\t\t<\/a>\n\t\t<\/div>\n\t\t\t\t\t\t<\/div>\n\t\t\t\t<\/div>\n\t\t\t\t<div class=\"elementor-element elementor-element-8f0fc05 elementor-widget elementor-widget-text-editor\" data-id=\"8f0fc05\" data-element_type=\"widget\" data-e-type=\"widget\" data-widget_type=\"text-editor.default\">\n\t\t\t\t<div class=\"elementor-widget-container\">\n\t\t\t\t\t\t\t\t\t<p style=\"text-align: center;\"><span style=\"text-decoration: underline;\"><span style=\"color: #000000;\"><a style=\"color: #000000; text-decoration: underline;\" href=\"mailto:josep@visluminis.com\" target=\"_blank\" rel=\"noopener\">josep@visluminis.com<\/a><\/span><\/span><\/p>\t\t\t\t\t\t\t\t<\/div>\n\t\t\t\t<\/div>\n\t\t<div class=\"elementor-element elementor-element-2ef6e3c e-con-full e-flex e-con e-child\" data-id=\"2ef6e3c\" data-element_type=\"container\" data-e-type=\"container\">\n\t\t\t\t<div class=\"elementor-element elementor-element-ce29f2a elementor-widget elementor-widget-spacer\" data-id=\"ce29f2a\" data-element_type=\"widget\" data-e-type=\"widget\" data-widget_type=\"spacer.default\">\n\t\t\t\t<div class=\"elementor-widget-container\">\n\t\t\t\t\t\t\t<div class=\"elementor-spacer\">\n\t\t\t<div class=\"elementor-spacer-inner\"><\/div>\n\t\t<\/div>\n\t\t\t\t\t\t<\/div>\n\t\t\t\t<\/div>\n\t\t\t\t<\/div>\n\t\t\t\t<div class=\"elementor-element elementor-element-3085c9d elementor-widget__width-initial elementor-view-default elementor-widget elementor-widget-icon\" data-id=\"3085c9d\" data-element_type=\"widget\" data-e-type=\"widget\" data-widget_type=\"icon.default\">\n\t\t\t\t<div class=\"elementor-widget-container\">\n\t\t\t\t\t\t\t<div class=\"elementor-icon-wrapper\">\n\t\t\t<a class=\"elementor-icon\" href=\"https:\/\/maps.app.goo.gl\/1TvT6PTPDn9RrLGu7\" target=\"_blank\">\n\t\t\t<svg xmlns=\"http:\/\/www.w3.org\/2000\/svg\" height=\"512pt\" viewBox=\"0 -1 512 512\" width=\"512pt\"><path d=\"m204.5 458.605469v51.855469l-12.539062-10.128907c-1.9375-1.566406-48.035157-38.992187-94.78125-92.660156-64.484376-74.035156-97.179688-140.492187-97.179688-197.519531v-5.652344c0-112.761719 91.738281-204.5 204.5-204.5s204.5 91.738281 204.5 204.5v5.652344c0 4.789062-.253906 9.652344-.714844 14.574218l-39.992187-36.484374c-8.191407-83.15625-78.519531-148.339844-163.792969-148.339844-90.757812 0-164.597656 73.839844-164.597656 164.597656v5.652344c0 96.367187 124.164062 213.027344 164.597656 248.453125zm122.699219-28.660157h59.851562v-59.851562h-59.851562zm-122.699219-310.238281c46.753906 0 84.792969 38.039063 84.792969 84.792969s-38.039063 84.792969-84.792969 84.792969-84.792969-38.039063-84.792969-84.792969 38.039063-84.792969 84.792969-84.792969zm0 39.902344c-24.753906 0-44.890625 20.136719-44.890625 44.890625 0 24.75 20.136719 44.890625 44.890625 44.890625 24.75 0 44.890625-20.140625 44.890625-44.890625 0-24.753906-20.140625-44.890625-44.890625-44.890625zm280.609375 243.222656-11.21875-10.234375v64.058594c0 29.828125-24.269531 54.09375-54.097656 54.09375h-126.332031c-29.828126 0-54.097657-24.265625-54.097657-54.09375v-64.058594l-11.21875 10.234375-26.890625-29.476562 155.371094-141.746094 155.375 141.746094zm-51.121094-46.636719-77.363281-70.574218-77.359375 70.574218v100.457032c0 7.828125 6.367187 14.195312 14.195313 14.195312h126.332031c7.828125 0 14.195312-6.367187 14.195312-14.195312zm0 0\"><\/path><\/svg>\t\t\t<\/a>\n\t\t<\/div>\n\t\t\t\t\t\t<\/div>\n\t\t\t\t<\/div>\n\t\t\t\t<div class=\"elementor-element elementor-element-9b23fcc elementor-widget elementor-widget-spacer\" data-id=\"9b23fcc\" data-element_type=\"widget\" data-e-type=\"widget\" data-widget_type=\"spacer.default\">\n\t\t\t\t<div class=\"elementor-widget-container\">\n\t\t\t\t\t\t\t<div class=\"elementor-spacer\">\n\t\t\t<div class=\"elementor-spacer-inner\"><\/div>\n\t\t<\/div>\n\t\t\t\t\t\t<\/div>\n\t\t\t\t<\/div>\n\t\t\t\t<div class=\"elementor-element elementor-element-30ab12e elementor-widget elementor-widget-heading\" data-id=\"30ab12e\" data-element_type=\"widget\" data-e-type=\"widget\" data-widget_type=\"heading.default\">\n\t\t\t\t<div class=\"elementor-widget-container\">\n\t\t\t\t\t<h6 class=\"elementor-heading-title elementor-size-default\"><a href=\"https:\/\/maps.app.goo.gl\/1TvT6PTPDn9RrLGu7\" target=\"_blank\">25300 - T\u00e0rrega (Lleida)<br>Espa\u00f1a\n\n\n<\/a><\/h6>\t\t\t\t<\/div>\n\t\t\t\t<\/div>\n\t\t<div class=\"elementor-element elementor-element-3883b47 e-con-full e-flex e-con e-child\" data-id=\"3883b47\" data-element_type=\"container\" data-e-type=\"container\">\n\t\t\t\t<div class=\"elementor-element elementor-element-b8d59a6 elementor-widget elementor-widget-spacer\" data-id=\"b8d59a6\" data-element_type=\"widget\" data-e-type=\"widget\" data-widget_type=\"spacer.default\">\n\t\t\t\t<div class=\"elementor-widget-container\">\n\t\t\t\t\t\t\t<div class=\"elementor-spacer\">\n\t\t\t<div class=\"elementor-spacer-inner\"><\/div>\n\t\t<\/div>\n\t\t\t\t\t\t<\/div>\n\t\t\t\t<\/div>\n\t\t\t\t<\/div>\n\t\t<div class=\"elementor-element elementor-element-56b8523 e-con-full e-flex e-con e-child\" data-id=\"56b8523\" data-element_type=\"container\" data-e-type=\"container\">\n\t\t\t\t<div class=\"elementor-element elementor-element-756d4ca elementor-widget elementor-widget-image\" data-id=\"756d4ca\" data-element_type=\"widget\" data-e-type=\"widget\" data-widget_type=\"image.default\">\n\t\t\t\t<div class=\"elementor-widget-container\">\n\t\t\t\t\t\t\t\t\t\t\t\t\t\t\t\t<a href=\"https:\/\/wa.me\/message\/DG3G5EWLM7WDC1\">\n\t\t\t\t\t\t\t<img decoding=\"async\" width=\"150\" height=\"150\" src=\"https:\/\/visluminis.com\/wp-content\/uploads\/2026\/03\/Captura-de-pantalla-2026-03-08-a-les-11.26.47-150x150.png\" class=\"attachment-thumbnail size-thumbnail wp-image-4738\" alt=\"\" \/>\t\t\t\t\t\t\t\t<\/a>\n\t\t\t\t\t\t\t\t\t\t\t\t\t\t\t<\/div>\n\t\t\t\t<\/div>\n\t\t\t\t<div class=\"elementor-element elementor-element-ab2e317 elementor-widget elementor-widget-text-editor\" data-id=\"ab2e317\" data-element_type=\"widget\" data-e-type=\"widget\" data-widget_type=\"text-editor.default\">\n\t\t\t\t<div class=\"elementor-widget-container\">\n\t\t\t\t\t\t\t\t\t<p style=\"text-align: center;\"><strong>Chat de <a href=\"https:\/\/wa.me\/message\/DG3G5EWLM7WDC1\">Whatsapp<\/a><\/strong><\/p>\t\t\t\t\t\t\t\t<\/div>\n\t\t\t\t<\/div>\n\t\t\t\t<\/div>\n\t\t\t\t<\/div>\n\t\t<div class=\"elementor-element elementor-element-45e51f1d e-con-full animated-slow e-flex elementor-invisible e-con e-child\" data-id=\"45e51f1d\" data-element_type=\"container\" data-e-type=\"container\" data-settings=\"{&quot;animation&quot;:&quot;fadeInRight&quot;}\">\n\t\t\t\t<div class=\"elementor-element elementor-element-c8b1945 elementor-widget__width-initial elementor-widget-mobile__width-initial elementor-widget elementor-widget-heading\" data-id=\"c8b1945\" data-element_type=\"widget\" data-e-type=\"widget\" data-widget_type=\"heading.default\">\n\t\t\t\t<div class=\"elementor-widget-container\">\n\t\t\t\t\t<h4 class=\"elementor-heading-title elementor-size-default\">Env\u00edanos un mensaje<\/h4>\t\t\t\t<\/div>\n\t\t\t\t<\/div>\n\t\t\t\t<div class=\"elementor-element elementor-element-315b504 elementor-widget elementor-widget-text-editor\" data-id=\"315b504\" data-element_type=\"widget\" data-e-type=\"widget\" data-widget_type=\"text-editor.default\">\n\t\t\t\t<div class=\"elementor-widget-container\">\n\t\t\t\t\t\t\t\t\t<p>Si quieres optimizar la iluminaci\u00f3n del alumbrado urbano, de un campo de f\u00fatbol o de una instalaci\u00f3n polideportiva, no dudes en contactar con nosotros. Nos acercaremos a ver la instalaci\u00f3n y te asesoramos para lograr la mejor soluci\u00f3n de iluminaci\u00f3n del mercado.<\/p>\t\t\t\t\t\t\t\t<\/div>\n\t\t\t\t<\/div>\n\t\t\t\t<div class=\"elementor-element elementor-element-510901da elementor-button-align-stretch elementor-widget elementor-widget-form\" data-id=\"510901da\" data-element_type=\"widget\" data-e-type=\"widget\" data-settings=\"{&quot;step_next_label&quot;:&quot;Next&quot;,&quot;step_previous_label&quot;:&quot;Previous&quot;,&quot;button_width&quot;:&quot;100&quot;,&quot;step_type&quot;:&quot;number_text&quot;,&quot;step_icon_shape&quot;:&quot;circle&quot;}\" data-widget_type=\"form.default\">\n\t\t\t\t<div class=\"elementor-widget-container\">\n\t\t\t\t\t\t\t<form class=\"elementor-form\" method=\"post\" name=\"New Form\" aria-label=\"New Form\">\n\t\t\t<input type=\"hidden\" name=\"post_id\" value=\"95\"\/>\n\t\t\t<input type=\"hidden\" name=\"form_id\" value=\"510901da\"\/>\n\t\t\t<input type=\"hidden\" name=\"referer_title\" value=\"Contacto - VISLUMINIS - Contacta con nosotros\" \/>\n\n\t\t\t\t\t\t\t<input type=\"hidden\" name=\"queried_id\" value=\"95\"\/>\n\t\t\t\n\t\t\t<div class=\"elementor-form-fields-wrapper elementor-labels-\">\n\t\t\t\t\t\t\t\t<div class=\"elementor-field-type-text elementor-field-group elementor-column elementor-field-group-name elementor-col-50\">\n\t\t\t\t\t\t\t\t\t\t\t\t<label for=\"form-field-name\" class=\"elementor-field-label elementor-screen-only\">\n\t\t\t\t\t\t\t\tNombre\t\t\t\t\t\t\t<\/label>\n\t\t\t\t\t\t\t\t\t\t\t\t\t\t<input size=\"1\" type=\"text\" name=\"form_fields[name]\" id=\"form-field-name\" class=\"elementor-field elementor-size-sm  elementor-field-textual\" placeholder=\"Nombre\">\n\t\t\t\t\t\t\t\t\t\t\t<\/div>\n\t\t\t\t\t\t\t\t<div class=\"elementor-field-type-text elementor-field-group elementor-column elementor-field-group-field_71c4f6f elementor-col-50\">\n\t\t\t\t\t\t\t\t\t\t\t\t<label for=\"form-field-field_71c4f6f\" class=\"elementor-field-label elementor-screen-only\">\n\t\t\t\t\t\t\t\tApellido\t\t\t\t\t\t\t<\/label>\n\t\t\t\t\t\t\t\t\t\t\t\t\t\t<input size=\"1\" type=\"text\" name=\"form_fields[field_71c4f6f]\" id=\"form-field-field_71c4f6f\" class=\"elementor-field elementor-size-sm  elementor-field-textual\" placeholder=\"Apellido\">\n\t\t\t\t\t\t\t\t\t\t\t<\/div>\n\t\t\t\t\t\t\t\t<div class=\"elementor-field-type-email elementor-field-group elementor-column elementor-field-group-email elementor-col-100 elementor-field-required\">\n\t\t\t\t\t\t\t\t\t\t\t\t<label for=\"form-field-email\" class=\"elementor-field-label elementor-screen-only\">\n\t\t\t\t\t\t\t\tCorreo\t\t\t\t\t\t\t<\/label>\n\t\t\t\t\t\t\t\t\t\t\t\t\t\t<input size=\"1\" type=\"email\" name=\"form_fields[email]\" id=\"form-field-email\" class=\"elementor-field elementor-size-sm  elementor-field-textual\" placeholder=\"Correo\" required=\"required\">\n\t\t\t\t\t\t\t\t\t\t\t<\/div>\n\t\t\t\t\t\t\t\t<div class=\"elementor-field-type-tel elementor-field-group elementor-column elementor-field-group-field_9cbca20 elementor-col-100\">\n\t\t\t\t\t\t\t\t\t\t\t\t<label for=\"form-field-field_9cbca20\" class=\"elementor-field-label elementor-screen-only\">\n\t\t\t\t\t\t\t\tTel\u00e9fono\t\t\t\t\t\t\t<\/label>\n\t\t\t\t\t\t\t\t<input size=\"1\" type=\"tel\" name=\"form_fields[field_9cbca20]\" id=\"form-field-field_9cbca20\" class=\"elementor-field elementor-size-sm  elementor-field-textual\" placeholder=\"Tel\u00e9fono\" pattern=\"[0-9()#&amp;+*-=.]+\" title=\"Solo se aceptan n\u00fameros y caracteres de tel\u00e9fono (#,-,*,etc).\">\n\n\t\t\t\t\t\t<\/div>\n\t\t\t\t\t\t\t\t<div class=\"elementor-field-type-textarea elementor-field-group elementor-column elementor-field-group-message elementor-col-100\">\n\t\t\t\t\t\t\t\t\t\t\t\t<label for=\"form-field-message\" class=\"elementor-field-label elementor-screen-only\">\n\t\t\t\t\t\t\t\tMensaje\t\t\t\t\t\t\t<\/label>\n\t\t\t\t\t\t<textarea class=\"elementor-field-textual elementor-field  elementor-size-sm\" name=\"form_fields[message]\" id=\"form-field-message\" rows=\"7\" placeholder=\"Mensaje\"><\/textarea>\t\t\t\t<\/div>\n\t\t\t\t\t\t\t\t<div class=\"elementor-field-type-recaptcha_v3 elementor-field-group elementor-column elementor-field-group-field_32571a0 elementor-col-100 recaptcha_v3-inline\">\n\t\t\t\t\t<div class=\"elementor-field\" id=\"form-field-field_32571a0\"><div class=\"elementor-g-recaptcha\" data-sitekey=\"6LeP7ykqAAAAAE7dbBA-qRo4H9WGRriIo1aBTwC-\" data-type=\"v3\" data-action=\"Form\" data-badge=\"inline\" data-size=\"invisible\"><\/div><\/div>\t\t\t\t<\/div>\n\t\t\t\t\t\t\t\t<div class=\"elementor-field-group elementor-column elementor-field-type-submit elementor-col-100 e-form__buttons\">\n\t\t\t\t\t<button class=\"elementor-button elementor-size-sm\" type=\"submit\" id=\"btn_enviar\">\n\t\t\t\t\t\t<span class=\"elementor-button-content-wrapper\">\n\t\t\t\t\t\t\t\t\t\t\t\t\t\t\t\t\t\t\t\t\t\t<span class=\"elementor-button-text\">Enviar<\/span>\n\t\t\t\t\t\t\t\t\t\t\t\t\t<\/span>\n\t\t\t\t\t<\/button>\n\t\t\t\t<\/div>\n\t\t\t<\/div>\n\t\t<\/form>\n\t\t\t\t\t\t<\/div>\n\t\t\t\t<\/div>\n\t\t\t\t<\/div>\n\t\t\t\t<\/div>\n\t\t\t\t<\/div>\n\t\t","protected":false},"excerpt":{"rendered":"<p>Contacto Home &#8211; Contacto CONTACTO +34 602 216 332 josep@visluminis.com 25300 &#8211; T\u00e0rrega (Lleida)Espa\u00f1a Chat de Whatsapp Env\u00edanos un mensaje Si quieres optimizar la iluminaci\u00f3n del alumbrado urbano, de un campo de f\u00fatbol o de una instalaci\u00f3n polideportiva, no dudes en contactar con nosotros. Nos acercaremos a ver la instalaci\u00f3n y te asesoramos para lograr [&hellip;]<\/p>\n","protected":false},"author":1,"featured_media":0,"parent":0,"menu_order":0,"comment_status":"closed","ping_status":"closed","template":"","meta":{"footnotes":""},"class_list":["post-95","page","type-page","status-publish","hentry"],"aioseo_notices":[],"_links":{"self":[{"href":"https:\/\/visluminis.com\/es\/wp-json\/wp\/v2\/pages\/95","targetHints":{"allow":["GET"]}}],"collection":[{"href":"https:\/\/visluminis.com\/es\/wp-json\/wp\/v2\/pages"}],"about":[{"href":"https:\/\/visluminis.com\/es\/wp-json\/wp\/v2\/types\/page"}],"author":[{"embeddable":true,"href":"https:\/\/visluminis.com\/es\/wp-json\/wp\/v2\/users\/1"}],"replies":[{"embeddable":true,"href":"https:\/\/visluminis.com\/es\/wp-json\/wp\/v2\/comments?post=95"}],"version-history":[{"count":194,"href":"https:\/\/visluminis.com\/es\/wp-json\/wp\/v2\/pages\/95\/revisions"}],"predecessor-version":[{"id":5060,"href":"https:\/\/visluminis.com\/es\/wp-json\/wp\/v2\/pages\/95\/revisions\/5060"}],"wp:attachment":[{"href":"https:\/\/visluminis.com\/es\/wp-json\/wp\/v2\/media?parent=95"}],"curies":[{"name":"wp","href":"https:\/\/api.w.org\/{rel}","templated":true}]}}